{"id":5,"date":"2021-02-09T14:53:48","date_gmt":"2021-02-09T13:53:48","guid":{"rendered":"https:\/\/www.elternbeirat-gymnasiumgars.de\/wordpress\/?page_id=5"},"modified":"2024-12-12T21:24:04","modified_gmt":"2024-12-12T20:24:04","slug":"gestalte-deine-website-mit-bloecken","status":"publish","type":"page","link":"https:\/\/www.elternbeirat-gymnasiumgars.de\/","title":{"rendered":"Herzlich willkommen!"},"content":{"rendered":"\n<h4 class=\"wp-block-heading\"><strong>Liebe Eltern, wir freuen uns \u00fcber Ihre Anregungen und W\u00fcnsche. Sprechen Sie uns an, mit dem Kontaktformular oder gerne auch pers\u00f6nlich.<\/strong><\/h4>\n\n\n<style>.wp-block-kadence-spacer.kt-block-spacer-5_71964b-56 .kt-block-spacer{height:30px;}.wp-block-kadence-spacer.kt-block-spacer-5_71964b-56 .kt-divider{border-top-width:1px;height:1px;border-top-color:#eee;width:80%;border-top-style:solid;}<\/style>\n<div class=\"wp-block-kadence-spacer aligncenter kt-block-spacer-5_71964b-56\"><div class=\"kt-block-spacer kt-block-spacer-halign-center\"><hr class=\"kt-divider\"\/><\/div><\/div>\n\n\n\n<div class=\"wp-block-columns is-layout-flex wp-container-core-columns-is-layout-9d6595d7 wp-block-columns-is-layout-flex\">\n<div class=\"wp-block-column is-layout-flow wp-block-column-is-layout-flow\"><style>.wp-block-kadence-advancedbtn.kb-btns5_a924df-de{gap:var(--global-kb-gap-xs, 0.5rem );justify-content:center;align-items:center;}.kt-btns5_a924df-de .kt-button{font-weight:normal;font-style:normal;}.kt-btns5_a924df-de .kt-btn-wrap-0{margin-right:5px;}.wp-block-kadence-advancedbtn.kt-btns5_a924df-de .kt-btn-wrap-0 .kt-button{color:#555555;border-color:#555555;}.wp-block-kadence-advancedbtn.kt-btns5_a924df-de .kt-btn-wrap-0 .kt-button:hover, .wp-block-kadence-advancedbtn.kt-btns5_a924df-de .kt-btn-wrap-0 .kt-button:focus{color:#ffffff;border-color:#444444;}.wp-block-kadence-advancedbtn.kt-btns5_a924df-de .kt-btn-wrap-0 .kt-button::before{display:none;}.wp-block-kadence-advancedbtn.kt-btns5_a924df-de .kt-btn-wrap-0 .kt-button:hover, .wp-block-kadence-advancedbtn.kt-btns5_a924df-de .kt-btn-wrap-0 .kt-button:focus{background:#444444;}<\/style>\n<div class=\"wp-block-kadence-advancedbtn kb-buttons-wrap kb-btns5_a924df-de\"><style>ul.menu .wp-block-kadence-advancedbtn .kb-btn5_2cbe00-84.kb-button{width:initial;}.wp-block-kadence-advancedbtn .kb-btn5_2cbe00-84.kb-button{color:#000;background:rgba(180,82,133,0.5);font-size:var(--global-kb-font-size-lg, 2rem);box-shadow:4px 4px 4px 0px #444;}.kb-btn5_2cbe00-84.kb-button .kb-svg-icon-wrap{color:#000;}.wp-block-kadence-advancedbtn .kb-btn5_2cbe00-84.kb-button:hover, .wp-block-kadence-advancedbtn .kb-btn5_2cbe00-84.kb-button:focus{background:rgba(180,82,133,0.6);border-top:10px solid #b45285;border-right:10px solid #b45285;border-bottom:10px solid #b45285;border-left:10px solid #b45285;}@media all and (max-width: 1024px){.wp-block-kadence-advancedbtn .kb-btn5_2cbe00-84.kb-button:hover, .wp-block-kadence-advancedbtn .kb-btn5_2cbe00-84.kb-button:focus{border-top:10px solid #b45285;border-right:10px solid #b45285;border-bottom:10px solid #b45285;border-left:10px solid #b45285;}}@media all and (max-width: 767px){.wp-block-kadence-advancedbtn .kb-btn5_2cbe00-84.kb-button:hover, .wp-block-kadence-advancedbtn .kb-btn5_2cbe00-84.kb-button:focus{border-top:10px solid #b45285;border-right:10px solid #b45285;border-bottom:10px solid #b45285;border-left:10px solid #b45285;}}<\/style><a class=\"kb-button kt-button button kb-btn5_2cbe00-84 kt-btn-size-standard kt-btn-width-type-auto kb-btn-global-inherit  kt-btn-has-text-true kt-btn-has-svg-true  wp-block-button__link wp-block-kadence-singlebtn\" href=\"https:\/\/www.elternbeirat-gymnasiumgars.de\/?page_id=86\"><span class=\"kb-svg-icon-wrap kb-svg-icon-fas_hand-point-right kt-btn-icon-side-left\"><svg viewBox=\"0 0 512 512\"  fill=\"currentColor\" xmlns=\"http:\/\/www.w3.org\/2000\/svg\"  aria-hidden=\"true\"><path d=\"M512 199.652c0 23.625-20.65 43.826-44.8 43.826h-99.851c16.34 17.048 18.346 49.766-6.299 70.944 14.288 22.829 2.147 53.017-16.45 62.315C353.574 425.878 322.654 448 272 448c-2.746 0-13.276-.203-16-.195-61.971.168-76.894-31.065-123.731-38.315C120.596 407.683 112 397.599 112 385.786V214.261l.002-.001c.011-18.366 10.607-35.889 28.464-43.845 28.886-12.994 95.413-49.038 107.534-77.323 7.797-18.194 21.384-29.084 40-29.092 34.222-.014 57.752 35.098 44.119 66.908-3.583 8.359-8.312 16.67-14.153 24.918H467.2c23.45 0 44.8 20.543 44.8 43.826zM96 200v192c0 13.255-10.745 24-24 24H24c-13.255 0-24-10.745-24-24V200c0-13.255 10.745-24 24-24h48c13.255 0 24 10.745 24 24zM68 368c0-11.046-8.954-20-20-20s-20 8.954-20 20 8.954 20 20 20 20-8.954 20-20z\"\/><\/svg><\/span><span class=\"kt-btn-inner-text\">Das sind wir<\/span><\/a><\/div>\n<\/div>\n\n\n\n<div class=\"wp-block-column is-layout-flow wp-block-column-is-layout-flow\"><style>.wp-block-kadence-advancedbtn.kb-btns5_c67b32-a0{gap:var(--global-kb-gap-xs, 0.5rem );justify-content:center;align-items:center;}.kt-btns5_c67b32-a0 .kt-button{font-weight:normal;font-style:normal;}.kt-btns5_c67b32-a0 .kt-btn-wrap-0{margin-right:5px;}.wp-block-kadence-advancedbtn.kt-btns5_c67b32-a0 .kt-btn-wrap-0 .kt-button{color:#555555;border-color:#555555;}.wp-block-kadence-advancedbtn.kt-btns5_c67b32-a0 .kt-btn-wrap-0 .kt-button:hover, .wp-block-kadence-advancedbtn.kt-btns5_c67b32-a0 .kt-btn-wrap-0 .kt-button:focus{color:#ffffff;border-color:#444444;}.wp-block-kadence-advancedbtn.kt-btns5_c67b32-a0 .kt-btn-wrap-0 .kt-button::before{display:none;}.wp-block-kadence-advancedbtn.kt-btns5_c67b32-a0 .kt-btn-wrap-0 .kt-button:hover, .wp-block-kadence-advancedbtn.kt-btns5_c67b32-a0 .kt-btn-wrap-0 .kt-button:focus{background:#444444;}<\/style>\n<div class=\"wp-block-kadence-advancedbtn kb-buttons-wrap kb-btns5_c67b32-a0\"><style>ul.menu .wp-block-kadence-advancedbtn .kb-btn5_78b897-ed.kb-button{width:initial;}.wp-block-kadence-advancedbtn .kb-btn5_78b897-ed.kb-button{color:#000;background:rgba(180,82,133,0.5);font-size:var(--global-kb-font-size-lg, 2rem);box-shadow:4px 4px 4px 0px #444;}.kb-btn5_78b897-ed.kb-button .kb-svg-icon-wrap{color:#000;}.wp-block-kadence-advancedbtn .kb-btn5_78b897-ed.kb-button:hover, .wp-block-kadence-advancedbtn .kb-btn5_78b897-ed.kb-button:focus{background:rgba(180,82,133,0.6);border-top:5px solid #b45285;border-right:5px solid #b45285;border-bottom:5px solid #b45285;border-left:5px solid #b45285;}@media all and (max-width: 1024px){.wp-block-kadence-advancedbtn .kb-btn5_78b897-ed.kb-button:hover, .wp-block-kadence-advancedbtn .kb-btn5_78b897-ed.kb-button:focus{border-top:5px solid #b45285;border-right:5px solid #b45285;border-bottom:5px solid #b45285;border-left:5px solid #b45285;}}@media all and (max-width: 767px){.wp-block-kadence-advancedbtn .kb-btn5_78b897-ed.kb-button:hover, .wp-block-kadence-advancedbtn .kb-btn5_78b897-ed.kb-button:focus{border-top:5px solid #b45285;border-right:5px solid #b45285;border-bottom:5px solid #b45285;border-left:5px solid #b45285;}}<\/style><a class=\"kb-button kt-button button kb-btn5_78b897-ed kt-btn-size-standard kt-btn-width-type-auto kb-btn-global-inherit  kt-btn-has-text-true kt-btn-has-svg-true  wp-block-button__link wp-block-kadence-singlebtn\" href=\"https:\/\/www.elternbeirat-gymnasiumgars.de\/?page_id=264\"><span class=\"kb-svg-icon-wrap kb-svg-icon-fas_hand-point-right kt-btn-icon-side-left\"><svg viewBox=\"0 0 512 512\"  fill=\"currentColor\" xmlns=\"http:\/\/www.w3.org\/2000\/svg\"  aria-hidden=\"true\"><path d=\"M512 199.652c0 23.625-20.65 43.826-44.8 43.826h-99.851c16.34 17.048 18.346 49.766-6.299 70.944 14.288 22.829 2.147 53.017-16.45 62.315C353.574 425.878 322.654 448 272 448c-2.746 0-13.276-.203-16-.195-61.971.168-76.894-31.065-123.731-38.315C120.596 407.683 112 397.599 112 385.786V214.261l.002-.001c.011-18.366 10.607-35.889 28.464-43.845 28.886-12.994 95.413-49.038 107.534-77.323 7.797-18.194 21.384-29.084 40-29.092 34.222-.014 57.752 35.098 44.119 66.908-3.583 8.359-8.312 16.67-14.153 24.918H467.2c23.45 0 44.8 20.543 44.8 43.826zM96 200v192c0 13.255-10.745 24-24 24H24c-13.255 0-24-10.745-24-24V200c0-13.255 10.745-24 24-24h48c13.255 0 24 10.745 24 24zM68 368c0-11.046-8.954-20-20-20s-20 8.954-20 20 8.954 20 20 20 20-8.954 20-20z\"\/><\/svg><\/span><span class=\"kt-btn-inner-text\">Das machen wir<\/span><\/a><\/div>\n<\/div>\n<\/div>\n\n\n\n<div style=\"height:40px\" aria-hidden=\"true\" class=\"wp-block-spacer\"><\/div>\n\n\n<style>.kb-image5_a52a0b-c1 .kb-image-has-overlay:after{opacity:0.3;}.kb-image5_a52a0b-c1 img.kb-img, .kb-image5_a52a0b-c1 .kb-img img{box-shadow:5px 5px 7px 0px #444;filter:drop-shadow(5px 5px 14px rgba(0, 0, 0, 0.2));}<\/style>\n<div class=\"wp-block-kadence-image kb-image5_a52a0b-c1\"><figure class=\"aligncenter size-large\"><img loading=\"lazy\" decoding=\"async\" width=\"1024\" height=\"261\" src=\"https:\/\/www.elternbeirat-gymnasiumgars.de\/wp-content\/uploads\/2024\/12\/image-1024x261.jpeg\" alt=\"\" class=\"kb-img wp-image-933\" srcset=\"https:\/\/www.elternbeirat-gymnasiumgars.de\/wp-content\/uploads\/2024\/12\/image-1024x261.jpeg 1024w, https:\/\/www.elternbeirat-gymnasiumgars.de\/wp-content\/uploads\/2024\/12\/image-300x77.jpeg 300w, https:\/\/www.elternbeirat-gymnasiumgars.de\/wp-content\/uploads\/2024\/12\/image-768x196.jpeg 768w, https:\/\/www.elternbeirat-gymnasiumgars.de\/wp-content\/uploads\/2024\/12\/image-1536x392.jpeg 1536w, https:\/\/www.elternbeirat-gymnasiumgars.de\/wp-content\/uploads\/2024\/12\/image.jpeg 2015w\" sizes=\"auto, (max-width: 1024px) 100vw, 1024px\" \/><\/figure><\/div>\n","protected":false},"excerpt":{"rendered":"<p>Liebe Eltern, wir freuen uns \u00fcber Ihre Anregungen und W\u00fcnsche. Sprechen Sie uns an, mit dem Kontaktformular oder gerne auch pers\u00f6nlich.<\/p>\n","protected":false},"author":1,"featured_media":0,"parent":0,"menu_order":0,"comment_status":"closed","ping_status":"closed","template":"","meta":{"kt_blocks_editor_width":"","footnotes":""},"class_list":["post-5","page","type-page","status-publish","hentry"],"_links":{"self":[{"href":"https:\/\/www.elternbeirat-gymnasiumgars.de\/index.php?rest_route=\/wp\/v2\/pages\/5","targetHints":{"allow":["GET"]}}],"collection":[{"href":"https:\/\/www.elternbeirat-gymnasiumgars.de\/index.php?rest_route=\/wp\/v2\/pages"}],"about":[{"href":"https:\/\/www.elternbeirat-gymnasiumgars.de\/index.php?rest_route=\/wp\/v2\/types\/page"}],"author":[{"embeddable":true,"href":"https:\/\/www.elternbeirat-gymnasiumgars.de\/index.php?rest_route=\/wp\/v2\/users\/1"}],"replies":[{"embeddable":true,"href":"https:\/\/www.elternbeirat-gymnasiumgars.de\/index.php?rest_route=%2Fwp%2Fv2%2Fcomments&post=5"}],"version-history":[{"count":47,"href":"https:\/\/www.elternbeirat-gymnasiumgars.de\/index.php?rest_route=\/wp\/v2\/pages\/5\/revisions"}],"predecessor-version":[{"id":936,"href":"https:\/\/www.elternbeirat-gymnasiumgars.de\/index.php?rest_route=\/wp\/v2\/pages\/5\/revisions\/936"}],"wp:attachment":[{"href":"https:\/\/www.elternbeirat-gymnasiumgars.de\/index.php?rest_route=%2Fwp%2Fv2%2Fmedia&parent=5"}],"curies":[{"name":"wp","href":"https:\/\/api.w.org\/{rel}","templated":true}]}}